{"id":2630,"date":"2021-11-20T11:29:05","date_gmt":"2021-11-20T16:29:05","guid":{"rendered":"https:\/\/portail.primadanse.com\/?page_id=2630"},"modified":"2021-11-21T16:08:47","modified_gmt":"2021-11-21T21:08:47","slug":"politique-de-confidentialite-privacy-policy-french-only","status":"publish","type":"page","link":"https:\/\/portail.primadanse.com\/en\/politique-de-confidentialite-privacy-policy-french-only\/","title":{"rendered":"Politique de confidentialit\u00e9 (Privacy Policy french only)"},"content":{"rendered":"\r\n<h3 class=\"wp-block-heading\">Quelles donn\u00e9es personnelles sont conserv\u00e9es et pourquoi ?<\/h3>\r\n<p>La politique de confidentialit\u00e9 d\u00e9crit comment Prima Danse, par son site primadanse.com, recueille vos renseignements personnels, comment elle les utilise et dans quelles circonstances elle peut les divulguer.<\/p>\r\n<p>En inscrivant vos renseignements personnels sur le site primadanse.com, vous acceptez la fa\u00e7on dont Prima Danse recueille, utilise, divulgue et g\u00e8re vos renseignements personnels tel que d\u00e9crit ici-bas. Nous recueillons vos renseignements personnels lorsque vous : (1) achetez des produits de de notre boutique en ligne; (2) vous enregistrez sur primadanse.com; (3) compl\u00e9tez un sondage; (4) participez \u00e0 un concours ou toute autre promotion; (5) nous contactez; (6) inscrivez un commentaire sur primadanse.com ou (7) soumettez des renseignements personnels \u00e0 Prima Danse autrement que mentionn\u00e9 ci-haut. L\u2019information recueillie peut inclure votre nom, adresse, adresse \u00e9lectronique, num\u00e9ro de t\u00e9l\u00e9phone, date de naissance, mode de paiement et toute autre information requise sur notre site internet que vous pouvez nous donner. Nous pouvons combiner l\u2019information que nous recevons sur vous et \u00e0 votre sujet avec l\u2019information que nous recueillons sur vous. Dans le cadre d\u2019op\u00e9ration r\u00e9guli\u00e8re sur le site web, nous pouvons recueillir certaines informations non confidentielles sur vous, incluant de fa\u00e7on non-limitative votre navigateur web, syst\u00e8me d\u2019op\u00e9ration, l\u2019adresse IP et l\u2019adresse internet par lequel vous avez acc\u00e9d\u00e9 au site. De plus, nous pouvons recueillir l\u2019information de votre comportement de navigateur, tel que date et heure de votre visite sur le site, les sujets ou pages du site web que vous visitez, le temps pass\u00e9 \u00e0 regarder le site web, le nombre de fois que vous y retournez et toutes autres informations d\u00e9crites plus bas.<\/p>\r\n<h3>Commentaires<\/h3>\r\n<p>Quand vous laissez un commentaire sur notre site web, les donn\u00e9es inscrites dans le formulaire de commentaire, mais aussi votre adresse IP et l\u2019agent utilisateur de votre navigateur sont collect\u00e9s pour nous aider \u00e0 la d\u00e9tection des commentaires ind\u00e9sirables.<\/p>\r\n<p>Une cha\u00eene anonymis\u00e9e cr\u00e9\u00e9e \u00e0 partir de votre adresse de courriel (\u00e9galement appel\u00e9e \u00ab\u00a0hash\u00a0\u00bb) peut \u00eatre envoy\u00e9e au service Gravatar pour v\u00e9rifier si vous utilisez ce dernier. Les politiques de confidentialit\u00e9 du service Gravatar sont disponibles ici : https:\/\/automattic.com\/privacy\/. Apr\u00e8s validation de votre commentaire, votre photo de profil sera visible publiquement \u00e0 cot\u00e9 de votre commentaire.<\/p>\r\n<h3>M\u00e9dia<\/h3>\r\n<p>Si vous t\u00e9l\u00e9versez des images sur le site web, nous vous conseillons d\u2019\u00e9viter de t\u00e9l\u00e9verser des images contenant des donn\u00e9es EXIF contenant des coordonn\u00e9es GPS. Les visiteurs de ce site web peuvent t\u00e9l\u00e9charger et extraire des donn\u00e9es de localisation depuis ces images.<\/p>\r\n<h3>Formulaires de contact<\/h3>\r\n<p>Si vous \u00e9crivez un courriel via la plateforme de contact en ligne, il vous sera demand\u00e9 d\u2019y inscrire certaines informations comme votre nom, votre adresse courriel ainsi que votre message. C\u2019est un processus obligatoire afin que nous puissions recevoir et traiter votre demande en vous r\u00e9pondant directement.<\/p>\r\n<h3>T\u00e9moins<\/h3>\r\n<p>Si vous laissez un commentaire sur notre site, il vous sera propos\u00e9 d\u2019enregistrer votre nom, adresse de courriel et site web dans des t\u00e9moins. C\u2019est uniquement pour vous simplifier la vie afin de ne pas avoir \u00e0 saisir ces informations si vous laissez un autre commentaire plus tard. Ces t\u00e9moins expirent au bout d\u2019un an.<\/p>\r\n<p>Si vous avez un compte et que vous vous connectez sur ce site, un t\u00e9moin temporaire sera cr\u00e9\u00e9 afin de d\u00e9terminer si votre navigateur accepte les t\u00e9moins. Il ne contient pas de renseignements personnels et sera supprim\u00e9 automatiquement \u00e0 la fermeture de votre navigateur.<\/p>\r\n<p>Lorsque vous vous connecterez, nous mettrons en place un certain nombre de t\u00e9moins pour enregistrer vos informations de connexion et vos pr\u00e9f\u00e9rences d\u2019\u00e9cran. La dur\u00e9e de vie d\u2019un t\u00e9moin de connexion est de deux jours, celle d\u2019un t\u00e9moin d\u2019option d\u2019\u00e9cran est d\u2019un an. Si vous cochez \u00ab Se souvenir de moi \u00bb, votre t\u00e9moin de connexion sera conserv\u00e9 pendant deux semaines. Si vous vous d\u00e9connectez de votre compte, le t\u00e9moin de connexion sera effac\u00e9.<\/p>\r\n<p>En modifiant ou en publiant un article, un t\u00e9moin suppl\u00e9mentaire sera enregistr\u00e9 dans votre navigateur. Ce t\u00e9moin ne comprend aucune donn\u00e9e personnelle. Il indique simplement l\u2019identifiant de l\u2019article que vous venez de modifier. Il expire au bout d\u2019une journ\u00e9e.<\/p>\r\n<h3>Achat sur la boutique en ligne<\/h3>\r\n<p>En d\u00e9butant un panier sur la boutique en ligne de primadanse.com, vous acceptez que nous utilisions vos renseignements personnels pour\u00a0: faire le suivi de votre commande, vous envoyer des offres cibl\u00e9es et des publicit\u00e9s, maintenir en m\u00e9moire votre panier jusqu\u2019au moment de l\u2019achat ou pour toute autre communication li\u00e9e \u00e0 votre navigation.<\/p>\r\n<h3>Contenu imbriqu\u00e9 d&#8217;autres sites web<\/h3>\r\n<p>Les articles de ce site peuvent inclure des contenus int\u00e9gr\u00e9s (par exemple des vid\u00e9os, images, etc.). Le contenu int\u00e9gr\u00e9 \u00e0 partir d\u2019autres sites se comporte de la m\u00eame mani\u00e8re que si le visiteur se rendait sur cet autre site.<\/p>\r\n<p>Ces sites web pourraient recueillir des renseignements sur vous, utiliser des t\u00e9moins, installer des outils de suivis de tierce-partie, suivre vos interactions avec ces outils install\u00e9s si vous disposez d\u2019un compte connect\u00e9 sur leur site web.<\/p>\r\n<h3>Avec qui partageons-nous vos donn\u00e9es<\/h3>\r\n<p>Prima Danse sauvegarde vos renseignements personnels\u00a0 \u00a0et ne les divulgue qu\u2019aux employ\u00e9s et aux fournisseurs de service autoris\u00e9s qui exigent une telle information dans les buts d\u00e9crits ci-haut. Aucune donn\u00e9e transmise par internet peut \u00eatre garantie s\u00e9curis\u00e9e \u00e0 100 %. Prima Danse ne peut \u00eatre tenue responsable d\u2019une transmission d\u2019information personnelle que vos auriez diffus\u00e9 de mani\u00e8re non s\u00e9curis\u00e9e.<\/p>\r\n<h3>Pendant combien de temps vos donn\u00e9es sont-elles stock\u00e9es ?<\/h3>\r\n<p>Si vous laissez un commentaire, le commentaire et ses m\u00e9tadonn\u00e9es sont conserv\u00e9s ind\u00e9finiment. Ceci permet de reconna\u00eetre et approuver automatiquement les commentaires suivants au lieu de les laisser dans la file de mod\u00e9ration.<\/p>\r\n<p>Pour les utilisateurs qui s\u2019enregistrent sur notre site (si cela est possible), nous stockons \u00e9galement les renseignements personnels indiqu\u00e9s dans leur profil. Tous les utilisateurs peuvent voir, modifier ou supprimer leurs renseignements personnels \u00e0 tout moment (\u00e0 l\u2019exception de leur nom d\u2019utilisateur). Les gestionnaires du site peuvent aussi voir et modifier ces informations.<\/p>\r\n<h3>Quels sont vos droits sur vos donn\u00e9es ?<\/h3>\r\n<p>Si vous avez un compte ou si vous avez laiss\u00e9 des commentaires sur ce site, vous pouvez demander \u00e0 recevoir un fichier contenant tous les renseignements personnels que nous poss\u00e9dons \u00e0 votre sujet, incluant ceux s que vous nous avez fournis. Vous pouvez \u00e9galement demander la suppression des renseignements personnelles vous concernant. Ceci ne prend pas en compte les donn\u00e9es stock\u00e9es \u00e0 des fins administratives, l\u00e9gales ou pour des raisons de s\u00e9curit\u00e9.<\/p>\r\n<h3>Transmission de vos donn\u00e9es personnelles<\/h3>\r\n<p>Les commentaires des visiteurs peuvent \u00eatre v\u00e9rifi\u00e9s \u00e0 l\u2019aide d\u2019un service automatis\u00e9 de d\u00e9tection des commentaires ind\u00e9sirables.<\/p>\r\n<h3>Service de paiement <em>Stripe<\/em><\/h3>\r\n<p>Nous utilisons les services de paiement par <em>Stripe <\/em>pour le traitement des op\u00e9rations par carte de d\u00e9bit et de cr\u00e9dit. <em>Stripe<\/em> est une soci\u00e9t\u00e9 am\u00e9ricaine autoris\u00e9e \u00e0 faire des transactions en ligne entre deux parties.\u00a0Nous ne stockons aucun renseignement concernant votre carte de cr\u00e9dit\/d\u00e9bit lorsque vous effectuez une transaction sur primadanse.com.<\/p>\r\n<h3>CHANGEMENT DES INFORMATIONS<\/h3>\r\n<p>Prima Danse souhaite vous offrir des informations v\u00e9ridiques et compl\u00e8tes sur tout le contenu de son site internet. Notre contenu sur primadanse.com est en continuelle \u00e9volution et il se peut que certaines informations diff\u00e8rent de ce que vous auriez lu par le pass\u00e9. Des modifications, omissions, changement de prix, ou erreur dans nos disponibilit\u00e9s en inventaire peuvent avoir lieu. Nous nous r\u00e9servons le droit de proc\u00e9der \u00e0 toute modification sur primadanse.com sans pr\u00e9avis.<\/p>\r\n<!--themify_builder_content-->\n<div id=\"themify_builder_content-2630\" data-postid=\"2630\" class=\"themify_builder_content themify_builder_content-2630 themify_builder tf_clear\">\n    <\/div>\n<!--\/themify_builder_content-->\n","protected":false},"excerpt":{"rendered":"<p>Quelles donn\u00e9es personnelles sont conserv\u00e9es et pourquoi ? La politique de confidentialit\u00e9 d\u00e9crit comment Prima Danse, par son site primadanse.com, recueille vos renseignements personnels, comment elle les utilise et dans quelles circonstances elle peut les divulguer. En inscrivant vos renseignements personnels sur le site primadanse.com, vous acceptez la fa\u00e7on dont Prima Danse recueille, utilise, divulgue [&hellip;]<\/p>\n","protected":false},"author":1,"featured_media":0,"parent":0,"menu_order":0,"comment_status":"closed","ping_status":"open","template":"","meta":{"__cvm_playback_settings":[],"__cvm_video_id":"","footnotes":""},"class_list":["post-2630","page","type-page","status-publish","hentry","has-post-title","has-post-date","has-post-category","has-post-tag","has-post-comment","has-post-author",""],"_links":{"self":[{"href":"https:\/\/portail.primadanse.com\/en\/wp-json\/wp\/v2\/pages\/2630","targetHints":{"allow":["GET"]}}],"collection":[{"href":"https:\/\/portail.primadanse.com\/en\/wp-json\/wp\/v2\/pages"}],"about":[{"href":"https:\/\/portail.primadanse.com\/en\/wp-json\/wp\/v2\/types\/page"}],"author":[{"embeddable":true,"href":"https:\/\/portail.primadanse.com\/en\/wp-json\/wp\/v2\/users\/1"}],"replies":[{"embeddable":true,"href":"https:\/\/portail.primadanse.com\/en\/wp-json\/wp\/v2\/comments?post=2630"}],"version-history":[{"count":2,"href":"https:\/\/portail.primadanse.com\/en\/wp-json\/wp\/v2\/pages\/2630\/revisions"}],"predecessor-version":[{"id":2632,"href":"https:\/\/portail.primadanse.com\/en\/wp-json\/wp\/v2\/pages\/2630\/revisions\/2632"}],"wp:attachment":[{"href":"https:\/\/portail.primadanse.com\/en\/wp-json\/wp\/v2\/media?parent=2630"}],"curies":[{"name":"wp","href":"https:\/\/api.w.org\/{rel}","templated":true}]}}